{"id":122,"date":"2021-09-11T15:20:50","date_gmt":"2021-09-11T13:20:50","guid":{"rendered":"http:\/\/staying-safe.pdd.si\/?page_id=122"},"modified":"2021-10-14T16:30:18","modified_gmt":"2021-10-14T14:30:18","slug":"news-and-reports","status":"publish","type":"page","link":"http:\/\/staying-safe.pdd.si\/index.php\/news-and-reports\/","title":{"rendered":"News and Reports"},"content":{"rendered":"\n<p>All the news and reports for the project Staying safe in the world of youth climbing <\/p>\n\n\n<div class=\"wp-block-qubely-postgrid qubely-block-a9d071\"><div class=\"qubely-postgrid-wrapper  qubely-postgrid-layout-1\" ><div class=\"qubely-postgrid qubely-post-list-view qubely-postgrid-style-2\"><div class=\"qubely-post-list-wrapper qubely-post-list-center\"><div class=\"qubely-post-list-img qubely-post-img qubely-post-img-zoom-out\"><a href=\"http:\/\/staying-safe.pdd.si\/index.php\/2023\/02\/27\/final-report-of-the-project\/\"><img decoding=\"async\" class=\"qubely-post-image\" src=\"http:\/\/staying-safe.pdd.si\/wp-content\/uploads\/2022\/09\/IMG_20220810_095833-1024x768.jpg\" alt=\"Final report of the project\"\/><\/a><\/div><div class=\"qubely-post-list-content\"><h2 class=\"qubely-postgrid-title\"><a href=\"http:\/\/staying-safe.pdd.si\/index.php\/2023\/02\/27\/final-report-of-the-project\/\">Final report of the project<\/a><\/h2><div class=\"qubely-postgrid-meta\"><span><i class=\"fas fa-user\"><\/i> By <a href=\"http:\/\/staying-safe.pdd.si\/index.php\/author\/barbarab\/\" title=\"Posts by PD Dom\u017eale\" rel=\"author\">PD Dom\u017eale<\/a><\/span><span><i class=\"far fa-calendar-alt\"><\/i> 27. Feb 2023<\/span><span><i class=\"fas fa-comment\"><\/i> 0<\/span><\/div><div class=\"qubely-postgrid-intro\">After two years the project &#8220;Staying safe in the world of youth climbing&#8221; has finished. This article is just a summary of our work, a <\/div><\/div><\/div><\/div><div class=\"qubely-postgrid qubely-post-list-view qubely-postgrid-style-2\"><div class=\"qubely-post-list-wrapper qubely-post-list-center\"><div class=\"qubely-post-list-img qubely-post-img qubely-post-img-zoom-out\"><a href=\"http:\/\/staying-safe.pdd.si\/index.php\/2023\/02\/25\/guidelines-for-youth-climbing\/\"><img decoding=\"async\" class=\"qubely-post-image\" src=\"http:\/\/staying-safe.pdd.si\/wp-content\/uploads\/2023\/02\/guidelines2-1024x555.jpg\" alt=\"Guidelines for youth climbing\"\/><\/a><\/div><div class=\"qubely-post-list-content\"><h2 class=\"qubely-postgrid-title\"><a href=\"http:\/\/staying-safe.pdd.si\/index.php\/2023\/02\/25\/guidelines-for-youth-climbing\/\">Guidelines for youth climbing<\/a><\/h2><div class=\"qubely-postgrid-meta\"><span><i class=\"fas fa-user\"><\/i> By <a href=\"http:\/\/staying-safe.pdd.si\/index.php\/author\/barbarab\/\" title=\"Posts by PD Dom\u017eale\" rel=\"author\">PD Dom\u017eale<\/a><\/span><span><i class=\"far fa-calendar-alt\"><\/i> 25. Feb 2023<\/span><span><i class=\"fas fa-comment\"><\/i> 0<\/span><\/div><div class=\"qubely-postgrid-intro\">Climbing presents an ideal sport for the development of the whole body and mind. It has a lot of physical and mental benefits, and it <\/div><\/div><\/div><\/div><div class=\"qubely-postgrid qubely-post-list-view qubely-postgrid-style-2\"><div class=\"qubely-post-list-wrapper qubely-post-list-center\"><div class=\"qubely-post-list-img qubely-post-img qubely-post-img-zoom-out\"><a href=\"http:\/\/staying-safe.pdd.si\/index.php\/2022\/12\/26\/analysis-of-climbing-clubs\/\"><img decoding=\"async\" class=\"qubely-post-image\" src=\"http:\/\/staying-safe.pdd.si\/wp-content\/uploads\/2022\/12\/Posnetek-zaslona-2023-02-23-145304-1024x409.jpg\" alt=\"Analysis of climbing clubs\"\/><\/a><\/div><div class=\"qubely-post-list-content\"><h2 class=\"qubely-postgrid-title\"><a href=\"http:\/\/staying-safe.pdd.si\/index.php\/2022\/12\/26\/analysis-of-climbing-clubs\/\">Analysis of climbing clubs<\/a><\/h2><div class=\"qubely-postgrid-meta\"><span><i class=\"fas fa-user\"><\/i> By <a href=\"http:\/\/staying-safe.pdd.si\/index.php\/author\/barbarab\/\" title=\"Posts by PD Dom\u017eale\" rel=\"author\">PD Dom\u017eale<\/a><\/span><span><i class=\"far fa-calendar-alt\"><\/i> 26. Dec 2022<\/span><span><i class=\"fas fa-comment\"><\/i> 0<\/span><\/div><div class=\"qubely-postgrid-intro\">The analysis of climbing clubs was one of the first main activities of the project. Our goal was to analyze the current state of the <\/div><\/div><\/div><\/div><div class=\"qubely-postgrid qubely-post-list-view qubely-postgrid-style-2\"><div class=\"qubely-post-list-wrapper qubely-post-list-center\"><div class=\"qubely-post-list-img qubely-post-img qubely-post-img-zoom-out\"><a href=\"http:\/\/staying-safe.pdd.si\/index.php\/2022\/12\/13\/warm-up-stretching-and-injury-prevention-for-different-age-groups\/\"><img decoding=\"async\" class=\"qubely-post-image\" src=\"http:\/\/staying-safe.pdd.si\/wp-content\/uploads\/2022\/12\/slika-1024x532.jpg\" alt=\"Warm-up, stretching, and injury prevention for different age groups\"\/><\/a><\/div><div class=\"qubely-post-list-content\"><h2 class=\"qubely-postgrid-title\"><a href=\"http:\/\/staying-safe.pdd.si\/index.php\/2022\/12\/13\/warm-up-stretching-and-injury-prevention-for-different-age-groups\/\">Warm-up, stretching, and injury prevention for different age groups<\/a><\/h2><div class=\"qubely-postgrid-meta\"><span><i class=\"fas fa-user\"><\/i> By <a href=\"http:\/\/staying-safe.pdd.si\/index.php\/author\/barbarab\/\" title=\"Posts by PD Dom\u017eale\" rel=\"author\">PD Dom\u017eale<\/a><\/span><span><i class=\"far fa-calendar-alt\"><\/i> 13. Dec 2022<\/span><span><i class=\"fas fa-comment\"><\/i> 0<\/span><\/div><div class=\"qubely-postgrid-intro\">In these short exemplary videos, we wanted to show you an ideal way to prepare the body for an exercise and how to ideally cool-down <\/div><\/div><\/div><\/div><div class=\"qubely-postgrid qubely-post-list-view qubely-postgrid-style-2\"><div class=\"qubely-post-list-wrapper qubely-post-list-center\"><div class=\"qubely-post-list-img qubely-post-img qubely-post-img-zoom-out\"><a href=\"http:\/\/staying-safe.pdd.si\/index.php\/2022\/09\/25\/report-from-international-youth-climbing-camp-in-slovenia-2022\/\"><img decoding=\"async\" class=\"qubely-post-image\" src=\"http:\/\/staying-safe.pdd.si\/wp-content\/uploads\/2022\/09\/P1030415-1024x768.jpg\" alt=\"Report from international youth climbing camp in Slovenia 2022\"\/><\/a><\/div><div class=\"qubely-post-list-content\"><h2 class=\"qubely-postgrid-title\"><a href=\"http:\/\/staying-safe.pdd.si\/index.php\/2022\/09\/25\/report-from-international-youth-climbing-camp-in-slovenia-2022\/\">Report from international youth climbing camp in Slovenia 2022<\/a><\/h2><div class=\"qubely-postgrid-meta\"><span><i class=\"fas fa-user\"><\/i> By <a href=\"http:\/\/staying-safe.pdd.si\/index.php\/author\/barbarab\/\" title=\"Posts by PD Dom\u017eale\" rel=\"author\">PD Dom\u017eale<\/a><\/span><span><i class=\"far fa-calendar-alt\"><\/i> 25. Sep 2022<\/span><span><i class=\"fas fa-comment\"><\/i> 0<\/span><\/div><div class=\"qubely-postgrid-intro\">Mountaineering Club Dom\u017eale organized an international youth climbing camp from the 7th to the 13th of August. The camp was organized under the project &#8220;<\/div><\/div><\/div><\/div><div class=\"qubely-postgrid qubely-post-list-view qubely-postgrid-style-2\"><div class=\"qubely-post-list-wrapper qubely-post-list-center\"><div class=\"qubely-post-list-img qubely-post-img qubely-post-img-zoom-out\"><a href=\"http:\/\/staying-safe.pdd.si\/index.php\/2022\/06\/09\/the-meeting-in-zagreb-croatia\/\"><img decoding=\"async\" class=\"qubely-post-image\" src=\"http:\/\/staying-safe.pdd.si\/wp-content\/uploads\/2022\/12\/IMG_20220521_151648-1024x577.jpg\" alt=\"The meeting in Zagreb, Croatia\"\/><\/a><\/div><div class=\"qubely-post-list-content\"><h2 class=\"qubely-postgrid-title\"><a href=\"http:\/\/staying-safe.pdd.si\/index.php\/2022\/06\/09\/the-meeting-in-zagreb-croatia\/\">The meeting in Zagreb, Croatia<\/a><\/h2><div class=\"qubely-postgrid-meta\"><span><i class=\"fas fa-user\"><\/i> By <a href=\"http:\/\/staying-safe.pdd.si\/index.php\/author\/barbarab\/\" title=\"Posts by PD Dom\u017eale\" rel=\"author\">PD Dom\u017eale<\/a><\/span><span><i class=\"far fa-calendar-alt\"><\/i> 09. Jun 2022<\/span><span><i class=\"fas fa-comment\"><\/i> 0<\/span><\/div><div class=\"qubely-postgrid-intro\">The third smaller meeting of this project took place between the 20th and 22nd of May, in Zagreb (Croatia). The aim of this meeting was <\/div><\/div><\/div><\/div><div class=\"qubely-postgrid qubely-post-list-view qubely-postgrid-style-2\"><div class=\"qubely-post-list-wrapper qubely-post-list-center\"><div class=\"qubely-post-list-content\"><h2 class=\"qubely-postgrid-title\"><a href=\"http:\/\/staying-safe.pdd.si\/index.php\/2022\/05\/10\/international-youth-climbing-camp-in-slovenia-2022\/\">International youth climbing camp in Slovenia 2022<\/a><\/h2><div class=\"qubely-postgrid-meta\"><span><i class=\"fas fa-user\"><\/i> By <a href=\"http:\/\/staying-safe.pdd.si\/index.php\/author\/barbarab\/\" title=\"Posts by PD Dom\u017eale\" rel=\"author\">PD Dom\u017eale<\/a><\/span><span><i class=\"far fa-calendar-alt\"><\/i> 10. May 2022<\/span><span><i class=\"fas fa-comment\"><\/i> 0<\/span><\/div><div class=\"qubely-postgrid-intro\">Call for applications for this year&#8217;s climbing camp. Contact your National Representative for registration and more information: barbara.bajcer@gmail.com (Slovenia)janulka.oravcova@<\/div><\/div><\/div><\/div><div class=\"qubely-postgrid qubely-post-list-view qubely-postgrid-style-2\"><div class=\"qubely-post-list-wrapper qubely-post-list-center\"><div class=\"qubely-post-list-img qubely-post-img qubely-post-img-zoom-out\"><a href=\"http:\/\/staying-safe.pdd.si\/index.php\/2021\/12\/22\/the-meeting-in-olomouc-czech-republic\/\"><img decoding=\"async\" class=\"qubely-post-image\" src=\"http:\/\/staying-safe.pdd.si\/wp-content\/uploads\/2021\/12\/IMG_20211120_124028-1024x576.jpg\" alt=\"The meeting in Olomouc, Czech Republic\"\/><\/a><\/div><div class=\"qubely-post-list-content\"><h2 class=\"qubely-postgrid-title\"><a href=\"http:\/\/staying-safe.pdd.si\/index.php\/2021\/12\/22\/the-meeting-in-olomouc-czech-republic\/\">The meeting in Olomouc, Czech Republic<\/a><\/h2><div class=\"qubely-postgrid-meta\"><span><i class=\"fas fa-user\"><\/i> By <a href=\"http:\/\/staying-safe.pdd.si\/index.php\/author\/barbarab\/\" title=\"Posts by PD Dom\u017eale\" rel=\"author\">PD Dom\u017eale<\/a><\/span><span><i class=\"far fa-calendar-alt\"><\/i> 22. Dec 2021<\/span><span><i class=\"fas fa-comment\"><\/i> 0<\/span><\/div><div class=\"qubely-postgrid-intro\">The second smaller meeting of this project took place between the 19th and 21st of November, in Olomouc (Czech Republic). The emphasis of this meeting <\/div><\/div><\/div><\/div><div class=\"qubely-postgrid qubely-post-list-view qubely-postgrid-style-2\"><div class=\"qubely-post-list-wrapper qubely-post-list-center\"><div class=\"qubely-post-list-img qubely-post-img qubely-post-img-zoom-out\"><a href=\"http:\/\/staying-safe.pdd.si\/index.php\/2021\/09\/20\/report-from-international-youth-climbing-camp-in-slovakia-2021\/\"><img decoding=\"async\" class=\"qubely-post-image\" src=\"http:\/\/staying-safe.pdd.si\/wp-content\/uploads\/2021\/11\/IMG_20210826_103419-1024x769.jpg\" alt=\"Report from international youth climbing camp in Slovakia 2021\"\/><\/a><\/div><div class=\"qubely-post-list-content\"><h2 class=\"qubely-postgrid-title\"><a href=\"http:\/\/staying-safe.pdd.si\/index.php\/2021\/09\/20\/report-from-international-youth-climbing-camp-in-slovakia-2021\/\">Report from international youth climbing camp in Slovakia 2021<\/a><\/h2><div class=\"qubely-postgrid-meta\"><span><i class=\"fas fa-user\"><\/i> By <a href=\"http:\/\/staying-safe.pdd.si\/index.php\/author\/barbarab\/\" title=\"Posts by PD Dom\u017eale\" rel=\"author\">PD Dom\u017eale<\/a><\/span><span><i class=\"far fa-calendar-alt\"><\/i> 20. Sep 2021<\/span><span><i class=\"fas fa-comment\"><\/i> 0<\/span><\/div><div class=\"qubely-postgrid-intro\">From 22 August to 28 August, an international climbing camp for children and youth organized by the Mountaineering Club Horec Liptovsk\u00fd Mikul\u00e1\u0161 took place at Kalam\u00e1rka <\/div><\/div><\/div><\/div><div class=\"qubely-postgrid qubely-post-list-view qubely-postgrid-style-2\"><div class=\"qubely-post-list-wrapper qubely-post-list-center\"><div class=\"qubely-post-list-img qubely-post-img qubely-post-img-zoom-out\"><a href=\"http:\/\/staying-safe.pdd.si\/index.php\/2021\/08\/20\/the-meeting-in-nagymaros-hungary\/\"><img decoding=\"async\" class=\"qubely-post-image\" src=\"http:\/\/staying-safe.pdd.si\/wp-content\/uploads\/2023\/02\/P1020412-1024x1024.jpg\" alt=\"The meeting in Nagymaros, Hungary\"\/><\/a><\/div><div class=\"qubely-post-list-content\"><h2 class=\"qubely-postgrid-title\"><a href=\"http:\/\/staying-safe.pdd.si\/index.php\/2021\/08\/20\/the-meeting-in-nagymaros-hungary\/\">The meeting in Nagymaros, Hungary<\/a><\/h2><div class=\"qubely-postgrid-meta\"><span><i class=\"fas fa-user\"><\/i> By <a href=\"http:\/\/staying-safe.pdd.si\/index.php\/author\/barbarab\/\" title=\"Posts by PD Dom\u017eale\" rel=\"author\">PD Dom\u017eale<\/a><\/span><span><i class=\"far fa-calendar-alt\"><\/i> 20. Aug 2021<\/span><span><i class=\"fas fa-comment\"><\/i> 0<\/span><\/div><div class=\"qubely-postgrid-intro\">The first smaller meeting of this project took place between the 13th and 15th of August, in Nagymaros (Hungary). The emphasis of this meeting was <\/div><\/div><\/div><\/div><div class=\"qubely-postgrid qubely-post-list-view qubely-postgrid-style-2\"><div class=\"qubely-post-list-wrapper qubely-post-list-center\"><div class=\"qubely-post-list-content\"><h2 class=\"qubely-postgrid-title\"><a href=\"http:\/\/staying-safe.pdd.si\/index.php\/2021\/07\/20\/mednarodni-plezalni-tabor\/\">International youth climbing camp in Slovakia 2021<\/a><\/h2><div class=\"qubely-postgrid-meta\"><span><i class=\"fas fa-user\"><\/i> By <a href=\"http:\/\/staying-safe.pdd.si\/index.php\/author\/glavniadmin\/\" title=\"Posts by PD Domzale\" rel=\"author\">PD Domzale<\/a><\/span><span><i class=\"far fa-calendar-alt\"><\/i> 20. Jul 2021<\/span><span><i class=\"fas fa-comment\"><\/i> 0<\/span><\/div><div class=\"qubely-postgrid-intro\">Call for an international climbing camp in Slovakia:<\/div><\/div><\/div><\/div><div class=\"qubely-postgrid qubely-post-list-view qubely-postgrid-style-2\"><div class=\"qubely-post-list-wrapper qubely-post-list-center\"><div class=\"qubely-post-list-img qubely-post-img qubely-post-img-zoom-out\"><a href=\"http:\/\/staying-safe.pdd.si\/index.php\/2021\/01\/11\/zacetek-projekta\/\"><img decoding=\"async\" class=\"qubely-post-image\" src=\"http:\/\/staying-safe.pdd.si\/wp-content\/uploads\/2021\/09\/tabor-sk1-11-1024x683.jpg\" alt=\"Begining of the project\"\/><\/a><\/div><div class=\"qubely-post-list-content\"><h2 class=\"qubely-postgrid-title\"><a href=\"http:\/\/staying-safe.pdd.si\/index.php\/2021\/01\/11\/zacetek-projekta\/\">Begining of the project<\/a><\/h2><div class=\"qubely-postgrid-meta\"><span><i class=\"fas fa-user\"><\/i> By <a href=\"http:\/\/staying-safe.pdd.si\/index.php\/author\/glavniadmin\/\" title=\"Posts by PD Domzale\" rel=\"author\">PD Domzale<\/a><\/span><span><i class=\"far fa-calendar-alt\"><\/i> 11. Jan 2021<\/span><span><i class=\"fas fa-comment\"><\/i> 0<\/span><\/div><div class=\"qubely-postgrid-intro\">Planinsko dru\u0161tvo Dom\u017eale has in partnership with four other European mountaineering associations or sport climbing clubs: the Czech Horolezeck\u00fd klub Atlas Opava, z.<\/div><\/div><\/div><\/div><\/div><div class=\"qubely-postgrid-pagination\"><\/div><\/div>\n\n\n<div style=\"height:50px\" aria-hidden=\"true\" class=\"wp-block-spacer\"><\/div>\n","protected":false},"excerpt":{"rendered":"<p>All the news and reports for the project Staying safe in the world of youth climbing<\/p>\n","protected":false},"author":1,"featured_media":40,"parent":0,"menu_order":0,"comment_status":"closed","ping_status":"closed","template":"","meta":{"qubely_global_settings":"","qubely_interactions":"","ub_ctt_via":"","advgb_blocks_editor_width":"","advgb_blocks_columns_visual_guide":"","neve_meta_sidebar":"default","neve_meta_container":"","neve_meta_enable_content_width":"","neve_meta_content_width":0,"neve_meta_title_alignment":"","neve_meta_author_avatar":"","neve_post_elements_order":"","neve_meta_disable_header":"off","neve_meta_disable_footer":"off","neve_meta_disable_title":"off","neve_meta_reading_time":"","pgc_sgb_lightbox_settings":"","_themeisle_gutenberg_block_has_review":false,"footnotes":""},"class_list":["post-122","page","type-page","status-publish","has-post-thumbnail","hentry"],"featured_image_src":"http:\/\/staying-safe.pdd.si\/wp-content\/uploads\/2021\/09\/slikapvp2.jpg","yoast_head":"<!-- This site is optimized with the Yoast SEO plugin v25.8 - https:\/\/yoast.com\/wordpress\/plugins\/seo\/ -->\n<title>News and Reports - Staying safe in the world of youth climbing<\/title>\n<meta name=\"robots\" content=\"index, follow, max-snippet:-1, max-image-preview:large, max-video-preview:-1\" \/>\n<link rel=\"canonical\" href=\"http:\/\/staying-safe.pdd.si\/index.php\/news-and-reports\/\" \/>\n<meta property=\"og:locale\" content=\"en_US\" \/>\n<meta property=\"og:type\" content=\"article\" \/>\n<meta property=\"og:title\" content=\"News and Reports - Staying safe in the world of youth climbing\" \/>\n<meta property=\"og:description\" content=\"All the news and reports for the project Staying safe in the world of youth climbing\" \/>\n<meta property=\"og:url\" content=\"http:\/\/staying-safe.pdd.si\/index.php\/news-and-reports\/\" \/>\n<meta property=\"og:site_name\" content=\"Staying safe in the world of youth climbing\" \/>\n<meta property=\"article:modified_time\" content=\"2021-10-14T14:30:18+00:00\" \/>\n<meta property=\"og:image\" content=\"http:\/\/staying-safe.pdd.si\/wp-content\/uploads\/2021\/09\/slikapvp2.jpg\" \/>\n\t<meta property=\"og:image:width\" content=\"2048\" \/>\n\t<meta property=\"og:image:height\" content=\"1365\" \/>\n\t<meta property=\"og:image:type\" content=\"image\/jpeg\" \/>\n<meta name=\"twitter:card\" content=\"summary_large_image\" \/>\n<meta name=\"twitter:label1\" content=\"Est. reading time\" \/>\n\t<meta name=\"twitter:data1\" content=\"1 minute\" \/>\n<script type=\"application\/ld+json\" class=\"yoast-schema-graph\">{\"@context\":\"https:\/\/schema.org\",\"@graph\":[{\"@type\":\"WebPage\",\"@id\":\"http:\/\/staying-safe.pdd.si\/index.php\/news-and-reports\/\",\"url\":\"http:\/\/staying-safe.pdd.si\/index.php\/news-and-reports\/\",\"name\":\"News and Reports - Staying safe in the world of youth climbing\",\"isPartOf\":{\"@id\":\"http:\/\/staying-safe.pdd.si\/#website\"},\"primaryImageOfPage\":{\"@id\":\"http:\/\/staying-safe.pdd.si\/index.php\/news-and-reports\/#primaryimage\"},\"image\":{\"@id\":\"http:\/\/staying-safe.pdd.si\/index.php\/news-and-reports\/#primaryimage\"},\"thumbnailUrl\":\"http:\/\/staying-safe.pdd.si\/wp-content\/uploads\/2021\/09\/slikapvp2.jpg\",\"datePublished\":\"2021-09-11T13:20:50+00:00\",\"dateModified\":\"2021-10-14T14:30:18+00:00\",\"breadcrumb\":{\"@id\":\"http:\/\/staying-safe.pdd.si\/index.php\/news-and-reports\/#breadcrumb\"},\"inLanguage\":\"en-US\",\"potentialAction\":[{\"@type\":\"ReadAction\",\"target\":[\"http:\/\/staying-safe.pdd.si\/index.php\/news-and-reports\/\"]}]},{\"@type\":\"ImageObject\",\"inLanguage\":\"en-US\",\"@id\":\"http:\/\/staying-safe.pdd.si\/index.php\/news-and-reports\/#primaryimage\",\"url\":\"http:\/\/staying-safe.pdd.si\/wp-content\/uploads\/2021\/09\/slikapvp2.jpg\",\"contentUrl\":\"http:\/\/staying-safe.pdd.si\/wp-content\/uploads\/2021\/09\/slikapvp2.jpg\",\"width\":2048,\"height\":1365},{\"@type\":\"BreadcrumbList\",\"@id\":\"http:\/\/staying-safe.pdd.si\/index.php\/news-and-reports\/#breadcrumb\",\"itemListElement\":[{\"@type\":\"ListItem\",\"position\":1,\"name\":\"Home\",\"item\":\"http:\/\/staying-safe.pdd.si\/\"},{\"@type\":\"ListItem\",\"position\":2,\"name\":\"News and Reports\"}]},{\"@type\":\"WebSite\",\"@id\":\"http:\/\/staying-safe.pdd.si\/#website\",\"url\":\"http:\/\/staying-safe.pdd.si\/\",\"name\":\"Staying safe in the world of youth climbing\",\"description\":\"Planinsko dru\u0161tvo Dom\u017eale\",\"publisher\":{\"@id\":\"http:\/\/staying-safe.pdd.si\/#organization\"},\"potentialAction\":[{\"@type\":\"SearchAction\",\"target\":{\"@type\":\"EntryPoint\",\"urlTemplate\":\"http:\/\/staying-safe.pdd.si\/?s={search_term_string}\"},\"query-input\":{\"@type\":\"PropertyValueSpecification\",\"valueRequired\":true,\"valueName\":\"search_term_string\"}}],\"inLanguage\":\"en-US\"},{\"@type\":\"Organization\",\"@id\":\"http:\/\/staying-safe.pdd.si\/#organization\",\"name\":\"Staying safe in the world of youth climbing\",\"url\":\"http:\/\/staying-safe.pdd.si\/\",\"logo\":{\"@type\":\"ImageObject\",\"inLanguage\":\"en-US\",\"@id\":\"http:\/\/staying-safe.pdd.si\/#\/schema\/logo\/image\/\",\"url\":\"http:\/\/staying-safe.pdd.si\/wp-content\/uploads\/2021\/09\/logo-pvp-2.jpg\",\"contentUrl\":\"http:\/\/staying-safe.pdd.si\/wp-content\/uploads\/2021\/09\/logo-pvp-2.jpg\",\"width\":938,\"height\":752,\"caption\":\"Staying safe in the world of youth climbing\"},\"image\":{\"@id\":\"http:\/\/staying-safe.pdd.si\/#\/schema\/logo\/image\/\"}}]}<\/script>\n<!-- \/ Yoast SEO plugin. -->","yoast_head_json":{"title":"News and Reports - Staying safe in the world of youth climbing","robots":{"index":"index","follow":"follow","max-snippet":"max-snippet:-1","max-image-preview":"max-image-preview:large","max-video-preview":"max-video-preview:-1"},"canonical":"http:\/\/staying-safe.pdd.si\/index.php\/news-and-reports\/","og_locale":"en_US","og_type":"article","og_title":"News and Reports - Staying safe in the world of youth climbing","og_description":"All the news and reports for the project Staying safe in the world of youth climbing","og_url":"http:\/\/staying-safe.pdd.si\/index.php\/news-and-reports\/","og_site_name":"Staying safe in the world of youth climbing","article_modified_time":"2021-10-14T14:30:18+00:00","og_image":[{"width":2048,"height":1365,"url":"http:\/\/staying-safe.pdd.si\/wp-content\/uploads\/2021\/09\/slikapvp2.jpg","type":"image\/jpeg"}],"twitter_card":"summary_large_image","twitter_misc":{"Est. reading time":"1 minute"},"schema":{"@context":"https:\/\/schema.org","@graph":[{"@type":"WebPage","@id":"http:\/\/staying-safe.pdd.si\/index.php\/news-and-reports\/","url":"http:\/\/staying-safe.pdd.si\/index.php\/news-and-reports\/","name":"News and Reports - Staying safe in the world of youth climbing","isPartOf":{"@id":"http:\/\/staying-safe.pdd.si\/#website"},"primaryImageOfPage":{"@id":"http:\/\/staying-safe.pdd.si\/index.php\/news-and-reports\/#primaryimage"},"image":{"@id":"http:\/\/staying-safe.pdd.si\/index.php\/news-and-reports\/#primaryimage"},"thumbnailUrl":"http:\/\/staying-safe.pdd.si\/wp-content\/uploads\/2021\/09\/slikapvp2.jpg","datePublished":"2021-09-11T13:20:50+00:00","dateModified":"2021-10-14T14:30:18+00:00","breadcrumb":{"@id":"http:\/\/staying-safe.pdd.si\/index.php\/news-and-reports\/#breadcrumb"},"inLanguage":"en-US","potentialAction":[{"@type":"ReadAction","target":["http:\/\/staying-safe.pdd.si\/index.php\/news-and-reports\/"]}]},{"@type":"ImageObject","inLanguage":"en-US","@id":"http:\/\/staying-safe.pdd.si\/index.php\/news-and-reports\/#primaryimage","url":"http:\/\/staying-safe.pdd.si\/wp-content\/uploads\/2021\/09\/slikapvp2.jpg","contentUrl":"http:\/\/staying-safe.pdd.si\/wp-content\/uploads\/2021\/09\/slikapvp2.jpg","width":2048,"height":1365},{"@type":"BreadcrumbList","@id":"http:\/\/staying-safe.pdd.si\/index.php\/news-and-reports\/#breadcrumb","itemListElement":[{"@type":"ListItem","position":1,"name":"Home","item":"http:\/\/staying-safe.pdd.si\/"},{"@type":"ListItem","position":2,"name":"News and Reports"}]},{"@type":"WebSite","@id":"http:\/\/staying-safe.pdd.si\/#website","url":"http:\/\/staying-safe.pdd.si\/","name":"Staying safe in the world of youth climbing","description":"Planinsko dru\u0161tvo Dom\u017eale","publisher":{"@id":"http:\/\/staying-safe.pdd.si\/#organization"},"potentialAction":[{"@type":"SearchAction","target":{"@type":"EntryPoint","urlTemplate":"http:\/\/staying-safe.pdd.si\/?s={search_term_string}"},"query-input":{"@type":"PropertyValueSpecification","valueRequired":true,"valueName":"search_term_string"}}],"inLanguage":"en-US"},{"@type":"Organization","@id":"http:\/\/staying-safe.pdd.si\/#organization","name":"Staying safe in the world of youth climbing","url":"http:\/\/staying-safe.pdd.si\/","logo":{"@type":"ImageObject","inLanguage":"en-US","@id":"http:\/\/staying-safe.pdd.si\/#\/schema\/logo\/image\/","url":"http:\/\/staying-safe.pdd.si\/wp-content\/uploads\/2021\/09\/logo-pvp-2.jpg","contentUrl":"http:\/\/staying-safe.pdd.si\/wp-content\/uploads\/2021\/09\/logo-pvp-2.jpg","width":938,"height":752,"caption":"Staying safe in the world of youth climbing"},"image":{"@id":"http:\/\/staying-safe.pdd.si\/#\/schema\/logo\/image\/"}}]}},"coauthors":[],"author_meta":{"author_link":"http:\/\/staying-safe.pdd.si\/index.php\/author\/glavniadmin\/","display_name":"PD Domzale"},"relative_dates":{"created":"Posted 5 years ago","modified":"Updated 5 years ago"},"absolute_dates":{"created":"Posted on 11. Sep 2021","modified":"Updated on 14. Oct 2021"},"absolute_dates_time":{"created":"Posted on 11. Sep 2021 15:20","modified":"Updated on 14. Oct 2021 16:30"},"featured_img_caption":"","featured_img":"http:\/\/staying-safe.pdd.si\/wp-content\/uploads\/2021\/09\/slikapvp2.jpg","series_order":"","_links":{"self":[{"href":"http:\/\/staying-safe.pdd.si\/index.php\/wp-json\/wp\/v2\/pages\/122","targetHints":{"allow":["GET"]}}],"collection":[{"href":"http:\/\/staying-safe.pdd.si\/index.php\/wp-json\/wp\/v2\/pages"}],"about":[{"href":"http:\/\/staying-safe.pdd.si\/index.php\/wp-json\/wp\/v2\/types\/page"}],"author":[{"embeddable":true,"href":"http:\/\/staying-safe.pdd.si\/index.php\/wp-json\/wp\/v2\/users\/1"}],"replies":[{"embeddable":true,"href":"http:\/\/staying-safe.pdd.si\/index.php\/wp-json\/wp\/v2\/comments?post=122"}],"version-history":[{"count":22,"href":"http:\/\/staying-safe.pdd.si\/index.php\/wp-json\/wp\/v2\/pages\/122\/revisions"}],"predecessor-version":[{"id":255,"href":"http:\/\/staying-safe.pdd.si\/index.php\/wp-json\/wp\/v2\/pages\/122\/revisions\/255"}],"wp:featuredmedia":[{"embeddable":true,"href":"http:\/\/staying-safe.pdd.si\/index.php\/wp-json\/wp\/v2\/media\/40"}],"wp:attachment":[{"href":"http:\/\/staying-safe.pdd.si\/index.php\/wp-json\/wp\/v2\/media?parent=122"}],"curies":[{"name":"wp","href":"https:\/\/api.w.org\/{rel}","templated":true}]}}